{"id":199,"date":"2014-05-08T21:48:06","date_gmt":"2014-05-08T19:48:06","guid":{"rendered":"http:\/\/sv-welbsleben.de\/?page_id=199"},"modified":"2026-02-12T18:39:47","modified_gmt":"2026-02-12T16:39:47","slug":"unsere-sponsoren","status":"publish","type":"page","link":"http:\/\/sv-welbsleben.de\/?page_id=199","title":{"rendered":"Unsere Sponsoren"},"content":{"rendered":"\n<p>An dieser Stelle m\u00f6chten wir allen Sponsoren Danke sagen f\u00fcr die gro\u00dfeartige Unterst\u00fctzung!<\/p>\n\n\n\n<figure class=\"wp-block-image size-full\"><img loading=\"lazy\" decoding=\"async\" width=\"707\" height=\"120\" src=\"http:\/\/sv-welbsleben.de\/wp-content\/uploads\/Mitgas_RGB_P-1.jpg\" alt=\"\" class=\"wp-image-4834\" srcset=\"http:\/\/sv-welbsleben.de\/wp-content\/uploads\/Mitgas_RGB_P-1.jpg 707w, http:\/\/sv-welbsleben.de\/wp-content\/uploads\/Mitgas_RGB_P-1-640x109.jpg 640w\" sizes=\"auto, (max-width: 707px) 100vw, 707px\" \/><\/figure>\n\n\n\n<figure class=\"wp-block-image size-large is-resized\"><img loading=\"lazy\" decoding=\"async\" width=\"1024\" height=\"366\" src=\"http:\/\/sv-welbsleben.de\/wp-content\/uploads\/tof-logo_4c-lang-UZ1-1024x366.png\" alt=\"\" class=\"wp-image-4430\" style=\"width:544px;height:auto\" srcset=\"http:\/\/sv-welbsleben.de\/wp-content\/uploads\/tof-logo_4c-lang-UZ1-1024x366.png 1024w, http:\/\/sv-welbsleben.de\/wp-content\/uploads\/tof-logo_4c-lang-UZ1-640x229.png 640w, http:\/\/sv-welbsleben.de\/wp-content\/uploads\/tof-logo_4c-lang-UZ1-768x274.png 768w, http:\/\/sv-welbsleben.de\/wp-content\/uploads\/tof-logo_4c-lang-UZ1-1536x549.png 1536w, http:\/\/sv-welbsleben.de\/wp-content\/uploads\/tof-logo_4c-lang-UZ1-2048x731.png 2048w, http:\/\/sv-welbsleben.de\/wp-content\/uploads\/tof-logo_4c-lang-UZ1-750x268.png 750w\" sizes=\"auto, (max-width: 1024px) 100vw, 1024px\" \/><\/figure>\n\n\n\n<figure class=\"wp-block-image size-full is-resized\"><img loading=\"lazy\" decoding=\"async\" width=\"995\" height=\"375\" src=\"http:\/\/sv-welbsleben.de\/wp-content\/uploads\/bms-1.jpg\" alt=\"\" class=\"wp-image-3531\" style=\"width:513px;height:auto\" srcset=\"http:\/\/sv-welbsleben.de\/wp-content\/uploads\/bms-1.jpg 995w, http:\/\/sv-welbsleben.de\/wp-content\/uploads\/bms-1-640x241.jpg 640w, http:\/\/sv-welbsleben.de\/wp-content\/uploads\/bms-1-768x289.jpg 768w, http:\/\/sv-welbsleben.de\/wp-content\/uploads\/bms-1-750x283.jpg 750w\" sizes=\"auto, (max-width: 995px) 100vw, 995px\" \/><\/figure>\n\n\n\n<figure class=\"wp-block-image size-full is-resized\"><img loading=\"lazy\" decoding=\"async\" width=\"503\" height=\"289\" src=\"http:\/\/sv-welbsleben.de\/wp-content\/uploads\/ackerbau-1.jpg\" alt=\"\" class=\"wp-image-3529\" style=\"width:383px;height:auto\"\/><\/figure>\n\n\n\n<figure class=\"wp-block-image size-large is-resized\"><img loading=\"lazy\" decoding=\"async\" width=\"1024\" height=\"647\" src=\"http:\/\/sv-welbsleben.de\/wp-content\/uploads\/Fritze-2-1024x647.jpg\" alt=\"\" class=\"wp-image-3532\" style=\"width:404px;height:auto\" srcset=\"http:\/\/sv-welbsleben.de\/wp-content\/uploads\/Fritze-2-1024x647.jpg 1024w, http:\/\/sv-welbsleben.de\/wp-content\/uploads\/Fritze-2-640x404.jpg 640w, http:\/\/sv-welbsleben.de\/wp-content\/uploads\/Fritze-2-768x485.jpg 768w, http:\/\/sv-welbsleben.de\/wp-content\/uploads\/Fritze-2-750x474.jpg 750w, http:\/\/sv-welbsleben.de\/wp-content\/uploads\/Fritze-2.jpg 1320w\" sizes=\"auto, (max-width: 1024px) 100vw, 1024px\" \/><\/figure>\n\n\n\n<figure class=\"wp-block-image size-full is-resized\"><img loading=\"lazy\" decoding=\"async\" width=\"1500\" height=\"958\" src=\"http:\/\/sv-welbsleben.de\/wp-content\/uploads\/Andy-Hirt-1.webp\" alt=\"\" class=\"wp-image-4393\" style=\"width:409px;height:auto\"\/><\/figure>\n\n\n\n<figure class=\"wp-block-image size-full is-resized\"><img loading=\"lazy\" decoding=\"async\" width=\"443\" height=\"296\" src=\"http:\/\/sv-welbsleben.de\/wp-content\/uploads\/Knoche-1.png\" alt=\"\" class=\"wp-image-4394\" style=\"width:411px;height:auto\"\/><\/figure>\n\n\n\n<figure class=\"wp-block-image size-full is-resized\"><img loading=\"lazy\" decoding=\"async\" width=\"245\" height=\"83\" src=\"http:\/\/sv-welbsleben.de\/wp-content\/uploads\/WB.png\" alt=\"\" class=\"wp-image-4395\" style=\"width:412px;height:auto\"\/><\/figure>\n\n\n\n<figure class=\"wp-block-image size-full is-resized\"><img loading=\"lazy\" decoding=\"async\" width=\"108\" height=\"108\" src=\"http:\/\/sv-welbsleben.de\/wp-content\/uploads\/jule.png\" alt=\"\" class=\"wp-image-4396\" style=\"width:223px;height:auto\"\/><\/figure>\n\n\n\n<figure class=\"wp-block-image size-full\"><img loading=\"lazy\" decoding=\"async\" width=\"371\" height=\"235\" src=\"http:\/\/sv-welbsleben.de\/wp-content\/uploads\/Unbenannt-1.png\" alt=\"\" class=\"wp-image-4399\"\/><\/figure>\n\n\n\n<figure class=\"wp-block-image size-large is-resized\"><img loading=\"lazy\" decoding=\"async\" width=\"1024\" height=\"413\" src=\"http:\/\/sv-welbsleben.de\/wp-content\/uploads\/Lernzentrum-Ascania-1-1024x413.png\" alt=\"\" class=\"wp-image-4607\" style=\"width:592px;height:auto\" srcset=\"http:\/\/sv-welbsleben.de\/wp-content\/uploads\/Lernzentrum-Ascania-1-1024x413.png 1024w, http:\/\/sv-welbsleben.de\/wp-content\/uploads\/Lernzentrum-Ascania-1-640x258.png 640w, http:\/\/sv-welbsleben.de\/wp-content\/uploads\/Lernzentrum-Ascania-1-768x310.png 768w, http:\/\/sv-welbsleben.de\/wp-content\/uploads\/Lernzentrum-Ascania-1-750x302.png 750w, http:\/\/sv-welbsleben.de\/wp-content\/uploads\/Lernzentrum-Ascania-1.png 1505w\" sizes=\"auto, (max-width: 1024px) 100vw, 1024px\" \/><\/figure>\n\n\n\n<figure class=\"wp-block-image size-full\"><img loading=\"lazy\" decoding=\"async\" width=\"350\" height=\"403\" src=\"http:\/\/sv-welbsleben.de\/wp-content\/uploads\/Christian-1.png\" alt=\"\" class=\"wp-image-4609\"\/><\/figure>\n\n\n\n<figure class=\"wp-block-image size-large\"><img loading=\"lazy\" decoding=\"async\" width=\"1024\" height=\"276\" src=\"http:\/\/sv-welbsleben.de\/wp-content\/uploads\/Screenshot-2026-02-12-164017-1024x276.png\" alt=\"\" class=\"wp-image-4830\" srcset=\"http:\/\/sv-welbsleben.de\/wp-content\/uploads\/Screenshot-2026-02-12-164017-1024x276.png 1024w, http:\/\/sv-welbsleben.de\/wp-content\/uploads\/Screenshot-2026-02-12-164017-640x173.png 640w, http:\/\/sv-welbsleben.de\/wp-content\/uploads\/Screenshot-2026-02-12-164017-768x207.png 768w, http:\/\/sv-welbsleben.de\/wp-content\/uploads\/Screenshot-2026-02-12-164017-750x203.png 750w, http:\/\/sv-welbsleben.de\/wp-content\/uploads\/Screenshot-2026-02-12-164017.png 1337w\" sizes=\"auto, (max-width: 1024px) 100vw, 1024px\" \/><\/figure>\n\n\n\n<figure class=\"wp-block-image size-full\"><img loading=\"lazy\" decoding=\"async\" width=\"940\" height=\"341\" src=\"http:\/\/sv-welbsleben.de\/wp-content\/uploads\/IMG-20260208-WA0002.jpg\" alt=\"\" class=\"wp-image-4831\" srcset=\"http:\/\/sv-welbsleben.de\/wp-content\/uploads\/IMG-20260208-WA0002.jpg 940w, http:\/\/sv-welbsleben.de\/wp-content\/uploads\/IMG-20260208-WA0002-640x232.jpg 640w, http:\/\/sv-welbsleben.de\/wp-content\/uploads\/IMG-20260208-WA0002-768x279.jpg 768w, http:\/\/sv-welbsleben.de\/wp-content\/uploads\/IMG-20260208-WA0002-750x272.jpg 750w\" sizes=\"auto, (max-width: 940px) 100vw, 940px\" \/><\/figure>\n\n\n\n<p><\/p>\n<iframe src=\"http:\/\/www.facebook.com\/plugins\/like.php?href=http%3A%2F%2Fsv-welbsleben.de%2F%3Fpage_id%3D199&amp;layout=standard&amp;show_faces=true&amp;width=450&amp;action=like&amp;colorscheme=light\" scrolling=\"no\" frameborder=\"0\" allowTransparency=\"true\" style=\"border:none; overflow:hidden; width:450px;margin-top:5px;\"><\/iframe>","protected":false},"excerpt":{"rendered":"<p>An dieser Stelle m\u00f6chten wir allen Sponsoren Danke sagen f\u00fcr die gro\u00dfeartige Unterst\u00fctzung!<\/p>\n","protected":false},"author":1,"featured_media":0,"parent":0,"menu_order":0,"comment_status":"closed","ping_status":"closed","template":"","meta":{"footnotes":""},"class_list":["post-199","page","type-page","status-publish","hentry"],"_links":{"self":[{"href":"http:\/\/sv-welbsleben.de\/index.php?rest_route=\/wp\/v2\/pages\/199","targetHints":{"allow":["GET"]}}],"collection":[{"href":"http:\/\/sv-welbsleben.de\/index.php?rest_route=\/wp\/v2\/pages"}],"about":[{"href":"http:\/\/sv-welbsleben.de\/index.php?rest_route=\/wp\/v2\/types\/page"}],"author":[{"embeddable":true,"href":"http:\/\/sv-welbsleben.de\/index.php?rest_route=\/wp\/v2\/users\/1"}],"replies":[{"embeddable":true,"href":"http:\/\/sv-welbsleben.de\/index.php?rest_route=%2Fwp%2Fv2%2Fcomments&post=199"}],"version-history":[{"count":17,"href":"http:\/\/sv-welbsleben.de\/index.php?rest_route=\/wp\/v2\/pages\/199\/revisions"}],"predecessor-version":[{"id":4835,"href":"http:\/\/sv-welbsleben.de\/index.php?rest_route=\/wp\/v2\/pages\/199\/revisions\/4835"}],"wp:attachment":[{"href":"http:\/\/sv-welbsleben.de\/index.php?rest_route=%2Fwp%2Fv2%2Fmedia&parent=199"}],"curies":[{"name":"wp","href":"https:\/\/api.w.org\/{rel}","templated":true}]}}