{"id":3368,"date":"2020-08-19T07:48:04","date_gmt":"2020-08-19T05:48:04","guid":{"rendered":"http:\/\/sv-welbsleben.de\/?page_id=3368"},"modified":"2020-08-19T08:17:30","modified_gmt":"2020-08-19T06:17:30","slug":"hygienekonzept","status":"publish","type":"page","link":"http:\/\/sv-welbsleben.de\/?page_id=3368","title":{"rendered":"Hygienekonzept"},"content":{"rendered":"\n<p>Stand 10.07.2020<\/p>\n\n\n\n<p>Arnstein, den 10.07.2020<br><\/p>\n\n\n\n<p> <br><br><\/p>\n\n\n\n<p class=\"has-small-font-size\">____________________<br>Julia Ulbrich<br>(Hygienebeauftragte des SV Welbsleben e.V.)<br><br><br>____________________<br>Vorstand<br><br><br><br><\/p>\n\n\n\n<p><\/p>\n\n\n\n<p><strong>Allgemeines<\/strong><\/p>\n\n\n\n<p>Der SV Welbsleben\nverf\u00fcgt nach \u00a7 36 i.V.m. \u00a7 33 Infektionsschutzgesetz (IfSG) \u00fcber einen\nausgearbeiteten Hygieneplan, in dem die wichtigsten Eckpunkte nach dem\nInfektionsschutzgesetz geregelt sind, um durch ein hygienisches Umfeld zur\nGesundheit der Spieler und aller am Fu\u00dfballsport und Gymnastik beteiligten\nPersonen beizutragen.<br>\nDer vorliegende Rahmen-Hygieneplan Corona des SV Welbsleben gilt, solange die\nPandemie-Situation im Land besteht.<\/p>\n\n\n\n<p><br>\nAlle Mitglieder, \u00dcbungsleiter sowie alle weiteren regelm\u00e4\u00dfig im Verein arbeitenden Personen sind dar\u00fcber hinaus angehalten,\nsorgf\u00e4ltig die Hygieneweise der Gesundheitsbeh\u00f6rden und Dachverb\u00e4nde (LSB, FSA,\netc.)zu beachten und in Absprache mit dem Vorstand\nbei Neuerungen umzusetzen.<\/p>\n\n\n\n<p>Die\nAus\u00fcbung von nichtkontaktfreien Sportarten ist auf maximal 50 Sporttreibende<\/p>\n\n\n\n<p>begrenzt.\nDie Teilnehmerzahl bei den Sportveranstaltungen des Vereins ist&nbsp;im\nFreien&nbsp;auf&nbsp;maximal&nbsp;1 000 Personen zugelassen. Die Teilnehmerzahl\nzur Nutzung der Sporthalle wird auf 50 Personen begrenzt.<\/p>\n\n\n\n<p>\u00dcber die\nHygienema\u00dfnahmen sind die Spieler und die Mitglieder in geeigneter Weise durch\nden Vorstand oder eine von ihr beauftragte Person zu unterrichten.<br>\nDas Einhalten von Hygiene- und Abstandsregeln ist mit allen Mitgliedern und Spielern\nzu thematisieren.<\/p>\n\n\n\n<p>Es wird empfohlen, alle\nPersonen, die regelm\u00e4\u00dfig die Sportst\u00e4tte betreten (Sportler\/<\/p>\n\n\n\n<p>Sportlerinnen\/Trainer\/Trainerinnen,\nweiteres Personal), \u00fcber die Auflagen\/Regeln zu belehren und dies zu\ndokumentieren.<\/p>\n\n\n\n<p>Bei allen\nVeranstaltungen hat der Veranstalter \u00fcber die Ma\u00dfgaben nach \u00a7 1 Abs. 1 der 7.<br>\nVerordnung \u00fcber Ma\u00dfnahmen zur Eind\u00e4mmung der Ausbreitung des neuartigen\nCoronavirus SARS-CoV-2 in Sachsen-Anhalt hinaus die anwesenden Personen in\neiner Anwesenheitsliste zu erfassen, die die folgenden Angaben enthalten muss:\nVor- und Familienname, vollst\u00e4ndige Anschrift und Telefonnummer. <\/p>\n\n\n\n<p><strong>Pers\u00f6nliche Hygiene<\/strong><\/p>\n\n\n\n<p>Das neuartige\nCoronavirus ist von Mensch zu Mensch \u00fcbertragbar. Der Haupt\u00fcbertragungsweg ist\ndie Tr\u00f6pfcheninfektion. Diese erfolgt vor allem direkt \u00fcber die Schleimh\u00e4ute\nder Atemwege. Dar\u00fcber hinaus ist auch indirekt \u00fcber H\u00e4nde, die dann mit Mund-\noder Nasenschleimhaut sowie die Augenbindehaut in Kontakt gebracht werden, eine\n\u00dcbertragung m\u00f6glich.<\/p>\n\n\n\n<p><strong><em>Wichtigste Ma\u00dfnahmen:<\/em><\/strong><\/p>\n\n\n\n<ul class=\"wp-block-list\"><li>bei Krankheitszeichen (Fieber, Husten, Kurzatmigkeit, Luftnot,\nVerlust des Geschmacks- \/ Geruchssinn, Halsschmerzen, Schnupfen,\nGliederschmerzen) auf jeden Fall zu Hause bleiben<\/li><li>Mindestabst\u00e4nde einhalten 1,5 Meter<strong><\/strong><\/li><li>mit den H\u00e4nden nicht das Gesicht, insbesondere die Schleimh\u00e4ute\nnicht ber\u00fchren, d.h. nicht an Mund, Augen und Nase fassen<\/li><li>keine Ber\u00fchrungen, Umarmungen und kein H\u00e4ndesch\u00fctteln<\/li><li>Gegenst\u00e4nde wie pers\u00f6nliche Trinkflaschen, eigene Sporttasche,\nM\u00fcsliriegel u.\u00e4. d\u00fcrften nicht mit anderen Personen geteilt werden<\/li><li>vom Verein\nwerden keine Getr\u00e4nke zur Verf\u00fcgung gestellt <\/li><li>den Kontakt mit h\u00e4ufig genutzten Fl\u00e4chen wie T\u00fcrklinken\nm\u00f6glichst minimieren, z.B. nicht mit der vollen Hand bzw. den Fingern anfassen,\nggf. Ellenbogen benutzen<\/li><\/ul>\n\n\n\n<p><strong>Husten- und\nNiesetikette:<\/strong>&nbsp;<\/p>\n\n\n\n<p>Husten und\nNiesen in die Armbeuge oder ein Taschentuch geh\u00f6ren zu den wichtigsten\nPr\u00e4ventionsma\u00dfnahmen! <\/p>\n\n\n\n<p>Beim Husten\noder Niesen gr\u00f6\u00dftm\u00f6glichen Abstand zu anderen Personen halten, am besten\nwegdrehen.<\/p>\n\n\n\n<ul class=\"wp-block-list\"><li>Gr\u00fcndliche H\u00e4ndehygiene H\u00e4ndewaschen mit Seife f\u00fcr 20 &#8211; 30 Sekunden,\nauch kaltes Wasser ist ausreichend, entscheidend ist der Einsatz von Seife (z.\nB. nach Husten oder Niesen; nach der Benutzung von \u00f6ffentlichen\nVerkehrsmitteln; nach dem erstmaligen Betreten des Trainingsgel\u00e4ndes; vor dem\nAufsetzen und nach dem Abnehmen eines Mund-Nasen-Schutzes, nach dem\nToiletten-Gang)<\/li><li>damit die Haut durch das h\u00e4ufige Waschen nicht austrocknet,\nsollten die H\u00e4nde regelm\u00e4\u00dfig eingecremt werden. Die Handcreme ist f\u00fcr den\nEigengebrauch von zu Hause mitzubringen<\/li><li>H\u00e4ndedesinfektion:\nGrunds\u00e4tzlich: Durchf\u00fchrung der H\u00e4ndedesinfektion ist zu praktizieren und\nzwingend vorgeschrieben<\/li><li>den Spielern ist die korrekte Anwendung einer H\u00e4ndedesinfektion\nggf. zu erl\u00e4utern<\/li><li>ferner sind \u00dcbungsleiter darauf hinzuweisen, dass Desinfektionsmittel nie unbeaufsichtigt\nzusammen mit Spielern in einem Raum sein d\u00fcrfen<\/li><li>allen Beteiligten und Verantwortlichen ist die M\u00f6glichkeit der\nleichten Entflammbarkeit zu verdeutlichen, um den achtsamen Umgang zu schulen\nund ein Runterfallen der Flaschen m\u00f6glichst auszuschlie\u00dfen<\/li><li>das\nDesinfizieren der H\u00e4nde ist nur dann sinnvoll, wenn ein H\u00e4ndewaschen nicht\nm\u00f6glich ist, nach Kontakt mit F\u00e4kalien, Blut oder\nErbrochenem<\/li><li>dazu muss Desinfektionsmittel in ausreichender Menge in die\ntrockene Hand gegeben und bis zur vollst\u00e4ndigen Abtrocknung ca. 30 Sekunden in\ndie H\u00e4nde eingerieben werden. <\/li><li>dabei ist auf die vollst\u00e4ndige Benetzung der H\u00e4nde zu achten <br>\n<strong><em>Achtung! H\u00e4ndedesinfektionsmittel enthalten Alkohol und d\u00fcrfen nicht zur\nDesinfektion von Fl\u00e4chen verwendet werden. Explosionsgefahr!<\/em><\/strong><\/li><li>Mund-Nasen-Schutz (MNS) oder eine textile Barriere\n(Mund-Nasen-Bedeckung\/MNB\/Behelfsmasken) sollten w\u00e4hrend des Aufenthalts in\ngeschlossenen Vereins-r\u00e4umen von Verantwortlichen, \u00dcbungsleitern sowie Mitgliedern\ngetragen werden<\/li><li>diese sind selbst mitzubringen und werden nicht vom Verein\ngestellt<\/li><li>mit einem MNS oder einer textilen Barriere k\u00f6nnen Tr\u00f6pfchen, die\nman z. B. beim Sprechen, Husten oder Niesen ausst\u00f6\u00dft, abgefangen werden<\/li><li>das Risiko, eine andere Person durch Husten, Niesen oder\nSprechen anzustecken, kann so verringert werden (Fremdschutz)<\/li><li>dies darf aber nicht dazu f\u00fchren, dass der Abstand\nunn\u00f6tigerweise verringert wird<\/li><\/ul>\n\n\n\n<p><strong><em>Trotz\nMNS sind die g\u00e4ngigen Hygienevorschriften zwingend weiterhin einzuhalten<\/em><\/strong><\/p>\n\n\n\n<ul class=\"wp-block-list\"><li>das prophylaktische Tragen von Infektionsschutzhandschuhen wird\nnicht empfohlen.&nbsp;&nbsp;<\/li><\/ul>\n\n\n\n<p><strong>Raumhygiene<\/strong><\/p>\n\n\n\n<p>Zur\nVermeidung der \u00dcbertragung durch Tr\u00f6pfcheninfektion muss auch im\nTrainingsbetrieb ein Abstand von mindestens 1,5 Meterneingehalten werden. <\/p>\n\n\n\n<p><br>\nReinigung = Besonders\nwichtig ist das regelm\u00e4\u00dfige und richtige L\u00fcften in geschlossenen\nTrainingsr\u00e4umen, da dadurch die Innenraumluft ausgetauscht wird. Mehrmals\nt\u00e4glich, mindestens alle 15 Minuten ist eine Sto\u00dfl\u00fcftung bzw. Querl\u00fcftung durch\nvollst\u00e4ndig ge\u00f6ffnete Fenster \u00fcber mehrere Minuten vorzunehmen. Eine\nKippl\u00fcftung ist weitgehend wirkungslos, da durch sie kaum Luft ausgetauscht\nwird. <\/p>\n\n\n\n<p>Aus Sicherheitsgr\u00fcnden\nverschlossene Fenster m\u00fcssen daher f\u00fcr die L\u00fcftung unter Aufsicht eines\nTrainers ge\u00f6ffnet werden. R\u00e4ume ohne (zu \u00f6ffnende) Fenster k\u00f6nnen nicht zu\nBeratungsgespr\u00e4chen mit Spielern oder unter sonstigen Beteiligten verwendet\nwerden.&nbsp;<\/p>\n\n\n\n<p>Die DIN\n77400 (Reinigungsdienstleistungen \/ Anforderungen an die Reinigung) ist zu\nbeachten. Sie definiert Grunds\u00e4tze f\u00fcr eine hygienische Reinigung unter\nBer\u00fccksichtigung aktueller Entwicklungen hinsichtlich Technik und Methoden der\nGeb\u00e4udereinigung und rechtlicher Anforderungen durch das\nInfektionsschutzgesetz.&nbsp;&nbsp;<\/p>\n\n\n\n<p><strong>Erg\u00e4nzend dazu gilt:<\/strong><\/p>\n\n\n\n<p>Generell\nnimmt die Infektiosit\u00e4t von Coronaviren auf unbelebten Oberfl\u00e4chen in\nAbh\u00e4ngigkeit von Material und Umweltbedingungen wie Temperatur und Feuchtigkeit\nrasch ab. Nachweise \u00fcber eine \u00dcbertragung durch Oberfl\u00e4chen im \u00f6ffentlichen\nBereich liegen bisher nicht vor.<br>\n<br>\n<\/p>\n\n\n\n<p>In den Trainingsr\u00e4umen\nsteht die Reinigung von Oberfl\u00e4chen im Vordergrund. Dies gilt auch f\u00fcr\nOberfl\u00e4chen, welchen antimikrobielle Eigenschaften zugeschrieben werden, da\nauch hier Sekrete und Verschmutzungen mechanisch entfernt werden sollen.<br>\n<br>\n<\/p>\n\n\n\n<p>Im Gegensatz zur\nReinigung wird eine routinem\u00e4\u00dfige Fl\u00e4chendesinfektion in geschlossenen R\u00e4umen\nauch in der jetzigen COVID-Pandemie durch das RKI nicht empfohlen. <\/p>\n\n\n\n<p>Hier ist die ansonsten\n\u00fcbliche Reinigung v\u00f6llig ausreichend.<br>\n<br>\n<\/p>\n\n\n\n<p>Wird eine\nDesinfektion im Einzelfall als notwendig erachtet, so sollte diese generell als\nWischdesinfektion mit einer kalten L\u00f6sung durchgef\u00fchrt werden. Eine\nSpr\u00fchdesinfektion, d.h. die Benetzung der Oberfl\u00e4che ohne mechanische\nEinwirkung, ist weniger effektiv und auch aus Arbeitsschutzgr\u00fcnden bedenklich,\nda Desinfektionsmittel eingeatmet werden k\u00f6nnen (ebenso bei warmer, evtl.\ndampfender Desinfektionsl\u00f6sung). <\/p>\n\n\n\n<p>Auch\nRaumbegasungen zur Desinfektion sind hier grunds\u00e4tzlich nicht angezeigt. Dies\ndarf nur auf Anordnung einer Gesundheitsbeh\u00f6rde erfolgen. Die Einwirkzeit bzw. Benetzungszeit\nist zu beachten. Je nach Desinfektionsmittel (wenn getrocknete Reste reizend\nwirken) ist eine anschlie\u00dfende Grundreinigung erforderlich.<\/p>\n\n\n\n<p><br>\nFolgende Areale der\ngenutzten R\u00e4ume bei Hallentraining werden mit den \u00fcblichen Reinigungsmitteln\n(Detergenzien) besonders gr\u00fcndlich und in stark frequentierten Bereichen\nt\u00e4glich gereinigt werden:&nbsp;<\/p>\n\n\n\n<p>\u2022 T\u00fcrklinken und Griffe (z. B. an\nSchubladen- und Fenstergriffe) sowie der Umgriff der T\u00fcren<br>\n\u2022 Treppen- &amp; Handl\u00e4ufe<br>\n\u2022 Lichtschalter<br>\n\u2022 Tische<br>\n\u2022 und alle sonstigen Griffbereiche<\/p>\n\n\n\n<p>Computerm\u00e4use und\nTastatur sind von den Benutzern nach der Benutzung selbst mit geeigneten\nReinigungsmitteln zu reinigen. Die M\u00fcllbeh\u00e4lter sind t\u00e4glich zu leeren.&nbsp;<\/p>\n\n\n\n<p><strong>Hygiene im Sanit\u00e4rbereich<\/strong><\/p>\n\n\n\n<p>In allen Toilettenr\u00e4umen\nm\u00fcssen ausreichend Fl\u00fcssigseifenspender und Einmalhandt\u00fccher bereitgestellt und\nregelm\u00e4\u00dfig aufgef\u00fcllt werden. Abfallbeh\u00e4lter f\u00fcr Einmalhandt\u00fccher sind\nvorzuhalten.<br>\nDamit sich nicht mehr Spieler zeitgleich in den Sanit\u00e4rr\u00e4umen aufhalten, muss\nzumindest unmittelbar vor \u00d6ffnung bzw. unmittelbar nach der Schlie\u00dfung durch\neinen \u00dcbungsleiteroder eine andere geeignete Person eine Eingangskontrolle\ndurchgef\u00fchrt werden. <\/p>\n\n\n\n<p>Am Eingang der Toiletten\nmuss durch gut sichtbaren Aushang darauf hingewiesen werden, dass sich in den\nToilettenr\u00e4umen stets nur maximal ein Spieler aufhalten darf (ggf. sind die\nToiletten geschlossen. Schl\u00fcssel kann beim \u00dcbungsleiter abgeholt werden).<br>\nDie Toiletten sind regelm\u00e4\u00dfig auf Funktions- und Hygienem\u00e4ngel zu pr\u00fcfen.<br>\nToilettensitze, Armaturen, Waschbecken und Fu\u00dfb\u00f6den sind t\u00e4glich zu reinigen. <\/p>\n\n\n\n<p>Bei Verschmutzungen mit\nF\u00e4kalien, Blut oder Erbrochenem ist nach Entfernung der Kontamination mit einem\nDesinfektionsmittel getr\u00e4nkten Einmaltuch eine prophylaktische\nScheuer-Wisch-Desinfektion erforderlich. Dabei sind Arbeitsgummihandschuhe zu\ntragen.&nbsp;<\/p>\n\n\n\n<p><strong>Infektionsschutz bei Aus\u00fcbung des <\/strong><strong>Trainingsbetriebes<\/strong><\/p>\n\n\n\n<p>\u2022\nEine rechtzeitige R\u00fcckmeldung, ob man am Training teilnehmen kann, ist zu\nempfehlen, um eine bestm\u00f6gliche Trainingsplanung zu erm\u00f6glichen, auf\npers\u00f6nliche K\u00f6rperkontakte wie H\u00e4ndesch\u00fctteln etc. wird verzichtet<br>\n\u2022 Gewissenhafte Dokumentation der Trainingsbeteiligung je Trainingseinheit.<br>\n\u2022 Beim Training im Kinderbereich sollte eine Platzh\u00e4lfte von lediglich einer\nMannschaft genutzt werden.<br>\n\u2022 Beim Training im Jugend- und Seniorenbereich sollte einer Mannschaft der\ngesamte Platz zur Verf\u00fcgung stehen.<\/p>\n\n\n\n<ul class=\"wp-block-list\"><li>die Spieler\nsollten in der Regel fertig umgezogen zum Trainingsbetrieb erscheinen<\/li><li>in jedem\nFall ist bei der Nutzung von Umkleide- und Sanit\u00e4rbereich der Mindestabstand\neinzuhalten<\/li><li>Mitglieder \/ Spieler mit Risikofaktoren trainieren separat<\/li><li>individuell nehmen ggf. nicht am Trainingsbetrieb statt, um\nandere Spieler\nund\/oder sich selbst nicht zu gef\u00e4hrden<\/li><li>der Abstand zwischen den Trainierenden bei entsprechenden\nVorgaben der Trainings\u00fcbungen durch den \u00dcbungsleiter <\/li><li>bevorzugt werden Pass\u00fcbungen, Torschuss etc.<\/li><li>jede Ber\u00fchrung der Schleimh\u00e4ute (Mund, Nase, Augen) durch den\nSpieler selbst ist zu vermeiden<\/li><li>bei Verdachtsf\u00e4llen ist ein medizinischer Nachweis einer\nnegativen Testung auf Corona zu erbringen<\/li><li>s\u00e4mtliches Trainingsmaterial wird vor, w\u00e4hrend und nach dem\nTrainings- und Spielbetrieb desinfiziert<\/li><li>es werden keine Fahrgemeinschaften gebildet<\/li><li>nur im selben Haushalt lebende Spieler (WG \/ Vater\/ Mutter \/Sohn \/ Tochter etc.) d\u00fcrfen sich im gleichen Fahrzeug befinden<\/li><\/ul>\n\n\n\n<p>\u2022&nbsp;\nZuschauende Begleitpersonen sind unter Einhaltung des Mindestabstands\nm\u00f6glich<\/p>\n\n\n\n<p><strong>f\u00fcr den Spielbetrieb erg\u00e4nzend gilt: <\/strong><\/p>\n\n\n\n<ul class=\"wp-block-list\"><li>jede Mannschaft wird dazu aufgefordert Kontaktdaten\naller Spieler und Funktion\u00e4re zu \u00fcbermitteln und zu erkl\u00e4ren, dass keinerlei\nSymptome im Zusammenhang mit dem Corona-Virus vorhanden sind \u00e0 hierzu wird von jedem Spieler ein Fragebogen\nausgef\u00fcllt<\/li><li>Die\nMannschaften sollten zeitlich und\/oder r\u00e4umlich bei Ankunft an der Spielst\u00e4tte\nentkoppelt werden. Zudem empfehlen wir -wenn m\u00f6glich- unterschiedlicher Wege zu\nden Kabinen oder eine gro\u00dfr\u00e4umige Trennung.<\/li><li>der Mindestabstand in den Umkleidekabinen ist\njederzeit zu wahren <\/li><li>Die Duschen sind jeweils nur von Kleingruppen unter\nWahrung des Mindestabstandes zu nutzen<\/li><li>Spielb\u00e4lle werden vor und w\u00e4hrend des Fu\u00dfballspiels\ndesinfiziert<\/li><li>Der\nAufenthalt in den Kabinen ist auf ein notwendiges Minimum zu beschr\u00e4nken (ca.\n30-40Min. f\u00fcr den einzelnen Spieler).<\/li><li>Bei\nEquipment- und \u201ePasskontrolle\u201c sollen alle Beteiligten Mund-Nasen-Schutz\ntragen.<\/li><li>Die\nMindestabstandsregelung beim Gang zum Spielfeld muss zu allen Zeitpunkten (zum\nWarming-up, zum Betreten des Spielfeldes, in der Halbzeit, nach dem Spiel)\nangewendet werden.<\/li><li>Mannschaftsbesprechungen\nsollten nach M\u00f6glichkeit im Freien und unter Einhaltung der Abstandsregel\nerfolgen.<\/li><li>Auswechselb\u00e4nke\n\u201eclean\u201c \u2013 nur Trainer*in, Co-Trainer*in und Mannschaftsbetreuer*in zzgl.max. 6\nAuswechselspieler*innen; Nutzung jedes 2. oder 3. Sitzes (der Mindestabstand\nist zu gew\u00e4hrleisten).<\/li><li>Ersatzbank-Erweiterungsm\u00f6glichkeiten\nmit zus\u00e4tzlichen St\u00fchlen\/B\u00e4nken in Erweiterung der Ersatzb\u00e4nke<\/li><li>Die Spielb\u00e4lle werden vor und w\u00e4hrend\ndes Fu\u00dfballspiels desinfiziert.<\/li><\/ul>\n\n\n\n<p><strong>Wegf\u00fchrung<\/strong><\/p>\n\n\n\n<p>Es ist darauf zu achten,\ndass nicht alle Spieler gleichzeitig auf das Trainingsgel\u00e4nde bzw. auf das \/\nvom Spielfeld gehen. Die Vorstandschaft ist aufgefordert, ein jeweils den\nspezifischen r\u00e4umlichen Gegebenheiten angepasstes Konzept zur Wegef\u00fchrung zum\nTrainingsgel\u00e4nde und der Spielst\u00e4tte zu entwickeln und die Spieler und\nMitglieder des Vereins zu unterrichten. <\/p>\n\n\n\n<p>F\u00fcr\nr\u00e4umliche Trennungen kann dies z. B. durch Abstandsmarkierungen auf dem Boden\noder den W\u00e4nden erfolgen und\/oder Verteilung von verschiedenen Teams eines\nVereins auf verschiedene Trainingsst\u00e4tten.<\/p>\n\n\n\n<p><strong>Teambesprechungen\/Vorstandssitzungen<\/strong><\/p>\n\n\n\n<p>Besprechungen\nm\u00fcssen auf das notwendige Ma\u00df begrenzt werden. Dabei ist auf die Einhaltung des\nMindestabstandes zu achten. Telefonkonferenzen oder Videokonferenzen werden bevorzugt.<\/p>\n\n\n\n<p><strong>Meldepflicht <\/strong><\/p>\n\n\n\n<p>Das\nAuftreten einer Infektion mit dem Coronavirus ist dem Vorstand von dem\nErkrankten telefonisch mitzuteilen. <\/p>\n\n\n\n<p>Das gilt\nauch f\u00fcr s\u00e4mtliche Verantwortliche und Mitglieder des SV Welbsleben.&nbsp;<\/p>\n\n\n\n<p>Aufgrund\nder Coronavirus-Meldepflichtverordnung i. V. m. \u00a7 8 und \u00a7 36 des\nInfektionsschutzgesetzes ist sowohl der begr\u00fcndete Verdacht einer Erkrankung\nals auch das Auftreten von COVID-19 F\u00e4llen im Sportverein dem Gesundheitsamt zu\nmelden.&nbsp;<\/p>\n\n\n\n<p><strong>Schlussbestimmung<\/strong><\/p>\n\n\n\n<p>Die hohe Anforderung an den Verein\nbesteht darin, dass alle Hygienema\u00dfnahmen umgesetzt werden, um der Pflicht zur\nMitwirkung der Eind\u00e4mmung nachzugehen. <\/p>\n\n\n\n<p>Bei Verst\u00f6\u00dfen gegen die\nHygienema\u00dfnahmen seitens der Sportler des Vereins, muss die Teilnahme am Training\nuntersagt werden. Wir gehen davon aus, dass sowohl Sportler, \u00dcbungsleiter als\nauch alle Mitwirkenden alles daf\u00fcr tun, den Vereinsbetrieb wieder aufnehmen zu\nk\u00f6nnen und dennoch das Risiko einer Infektion minimal zu halten und alle\nentsprechenden Schutzma\u00dfnahmen umzusetzen.<\/p>\n<iframe src=\"http:\/\/www.facebook.com\/plugins\/like.php?href=http%3A%2F%2Fsv-welbsleben.de%2F%3Fpage_id%3D3368&amp;layout=standard&amp;show_faces=true&amp;width=450&amp;action=like&amp;colorscheme=light\" scrolling=\"no\" frameborder=\"0\" allowTransparency=\"true\" style=\"border:none; overflow:hidden; width:450px;margin-top:5px;\"><\/iframe>","protected":false},"excerpt":{"rendered":"<p>Stand 10.07.2020 Arnstein, den 10.07.2020 ____________________Julia Ulbrich(Hygienebeauftragte des SV Welbsleben e.V.) ____________________Vorstand Allgemeines Der SV Welbsleben verf\u00fcgt nach \u00a7 36 i.V.m. \u00a7 33 Infektionsschutzgesetz (IfSG) \u00fcber einen ausgearbeiteten Hygieneplan, in dem die wichtigsten Eckpunkte nach dem Infektionsschutzgesetz geregelt sind, um durch ein hygienisches Umfeld zur Gesundheit der Spieler und aller am Fu\u00dfballsport und Gymnastik beteiligten [&hellip;]<\/p>\n","protected":false},"author":4,"featured_media":0,"parent":0,"menu_order":0,"comment_status":"closed","ping_status":"closed","template":"","meta":{"footnotes":""},"class_list":["post-3368","page","type-page","status-publish","hentry"],"_links":{"self":[{"href":"http:\/\/sv-welbsleben.de\/index.php?rest_route=\/wp\/v2\/pages\/3368","targetHints":{"allow":["GET"]}}],"collection":[{"href":"http:\/\/sv-welbsleben.de\/index.php?rest_route=\/wp\/v2\/pages"}],"about":[{"href":"http:\/\/sv-welbsleben.de\/index.php?rest_route=\/wp\/v2\/types\/page"}],"author":[{"embeddable":true,"href":"http:\/\/sv-welbsleben.de\/index.php?rest_route=\/wp\/v2\/users\/4"}],"replies":[{"embeddable":true,"href":"http:\/\/sv-welbsleben.de\/index.php?rest_route=%2Fwp%2Fv2%2Fcomments&post=3368"}],"version-history":[{"count":13,"href":"http:\/\/sv-welbsleben.de\/index.php?rest_route=\/wp\/v2\/pages\/3368\/revisions"}],"predecessor-version":[{"id":3463,"href":"http:\/\/sv-welbsleben.de\/index.php?rest_route=\/wp\/v2\/pages\/3368\/revisions\/3463"}],"wp:attachment":[{"href":"http:\/\/sv-welbsleben.de\/index.php?rest_route=%2Fwp%2Fv2%2Fmedia&parent=3368"}],"curies":[{"name":"wp","href":"https:\/\/api.w.org\/{rel}","templated":true}]}}